{"id":38,"date":"2021-04-17T20:27:47","date_gmt":"2021-04-17T20:27:47","guid":{"rendered":"https:\/?page_id=38"},"modified":"2021-09-14T14:59:15","modified_gmt":"2021-09-14T14:59:15","slug":"login","status":"publish","type":"page","link":"https:\/\/korislaipa.no\/index.php\/login\/","title":{"rendered":"Login"},"content":{"rendered":"\t\t<div data-elementor-type=\"wp-page\" data-elementor-id=\"38\" class=\"elementor elementor-38\">\n\t\t\t\t\t\t<section class=\"elementor-section elementor-top-section elementor-element elementor-element-420bac40 elementor-section-boxed elementor-section-height-default elementor-section-height-default\" data-id=\"420bac40\" data-element_type=\"section\" data-e-type=\"section\" data-settings=\"{&quot;background_background&quot;:&quot;classic&quot;}\">\n\t\t\t\t\t\t\t<div class=\"elementor-background-overlay\"><\/div>\n\t\t\t\t\t\t\t<div class=\"elementor-container elementor-column-gap-default\">\n\t\t\t\t\t<div class=\"elementor-column elementor-col-100 elementor-top-column elementor-element elementor-element-59e83c6a\" data-id=\"59e83c6a\" data-element_type=\"column\" data-e-type=\"column\">\n\t\t\t<div class=\"elementor-widget-wrap elementor-element-populated\">\n\t\t\t\t\t\t<div class=\"elementor-element elementor-element-0b8caca elementor-widget elementor-widget-spacer\" data-id=\"0b8caca\" data-element_type=\"widget\" data-e-type=\"widget\" data-widget_type=\"spacer.default\">\n\t\t\t\t<div class=\"elementor-widget-container\">\n\t\t\t\t\t\t\t<div class=\"elementor-spacer\">\n\t\t\t<div class=\"elementor-spacer-inner\"><\/div>\n\t\t<\/div>\n\t\t\t\t\t\t<\/div>\n\t\t\t\t<\/div>\n\t\t\t\t<div class=\"elementor-element elementor-element-66ca8c0 elementor-widget elementor-widget-heading\" data-id=\"66ca8c0\" data-element_type=\"widget\" data-e-type=\"widget\" data-widget_type=\"heading.default\">\n\t\t\t\t<div class=\"elementor-widget-container\">\n\t\t\t\t\t<h2 class=\"elementor-heading-title elementor-size-default\">Jums ir j\u0101veic autoriz\u0101cija!<\/h2>\t\t\t\t<\/div>\n\t\t\t\t<\/div>\n\t\t\t\t<div class=\"elementor-element elementor-element-a173c3c elementor-widget elementor-widget-shortcode\" data-id=\"a173c3c\" data-element_type=\"widget\" data-e-type=\"widget\" data-widget_type=\"shortcode.default\">\n\t\t\t\t<div class=\"elementor-widget-container\">\n\t\t\t\t\t\t\t<div class=\"elementor-shortcode\">\n<div class=\"um um-login um-648\">\n\t<div class=\"um-form\">\n\t\t<form method=\"post\" action=\"\" autocomplete=\"off\">\n\t\t\t<div class=\"um-row _um_row_1 \" style=\"margin: 0 0 30px 0;\"><div class=\"um-col-1\"><div  id=\"um_field_648_username\" class=\"um-field um-field-text  um-field-username um-field-text um-field-type_text\" data-key=\"username\"><div class=\"um-field-label\"><label for=\"username-648\">Lietot\u0101jv\u0101rds<\/label><div class=\"um-clear\"><\/div><\/div><div class=\"um-field-area\"><input  autocomplete=\"off\" class=\"um-form-field valid \" type=\"text\" name=\"username-648\" id=\"username-648\" value=\"\" placeholder=\"\" data-validate=\"unique_username_or_email\" data-key=\"username\"  aria-invalid=\"false\" \/>\n\n\t\t\t\t\t\t<\/div><\/div><div  id=\"um_field_648_user_password\" class=\"um-field um-field-password  um-field-user_password um-field-password um-field-type_password\" data-key=\"user_password\"><div class=\"um-field-label\"><label for=\"user_password-648\">Parole<\/label><div class=\"um-clear\"><\/div><\/div><div class=\"um-field-area\"><input class=\"um-form-field valid \" type=\"password\" name=\"user_password-648\" id=\"user_password-648\" value=\"\" placeholder=\"\" data-validate=\"\" data-key=\"user_password\"  aria-invalid=\"false\" \/>\n\n\t\t\t\t\t\t\t<\/div><\/div><\/div><\/div>\t<input type=\"hidden\" name=\"form_id\" id=\"form_id_648\" value=\"648\" \/>\n\t\t<p class=\"um_request_name\">\n\t\t<label for=\"um_request_648\">Only fill in if you are not human<\/label>\n\t\t<input type=\"hidden\" name=\"um_request\" id=\"um_request_648\" class=\"input\" value=\"\" size=\"25\" autocomplete=\"off\" \/>\n\t<\/p>\n\t<input type=\"hidden\" name=\"redirect_to\" id=\"redirect_to\" value=\"https:\/\" \/><input type=\"hidden\" id=\"_wpnonce\" name=\"_wpnonce\" value=\"40e40253be\" \/><input type=\"hidden\" name=\"_wp_http_referer\" value=\"\/index.php\/wp-json\/wp\/v2\/pages\/38\" \/>\n\t<div class=\"um-col-alt\">\n\n\t\t\n\t\t\t<div class=\"um-center\">\n\t\t\t\t<input type=\"submit\" value=\"Ieiet\" class=\"um-button\" id=\"um-submit-btn\" \/>\n\t\t\t<\/div>\n\n\t\t\n\t\t<div class=\"um-clear\"><\/div>\n\n\t<\/div>\n\n\t\t\t<\/form>\n\t<\/div>\n<\/div>\n<style>\n\t\t\t.um-648.um {\n\t\t\tmax-width: 450px;\n\t\t}\n\t\t<\/style>\n\n\n<\/div>\n\t\t\t\t\t\t<\/div>\n\t\t\t\t<\/div>\n\t\t\t\t<div class=\"elementor-element elementor-element-2b19208 elementor-hidden-desktop elementor-hidden-tablet elementor-hidden-mobile elementor-widget elementor-widget-eael-login-register\" data-id=\"2b19208\" data-element_type=\"widget\" data-e-type=\"widget\" data-widget_type=\"eael-login-register.default\">\n\t\t\t\t<div class=\"elementor-widget-container\">\n\t\t\t\t\t        <div class=\"eael-login-registration-wrapper \"\n             data-is-ajax=\"\"\n             data-widget-id=\"2b19208\"\n             data-page-id=\"38\"\n             data-recaptcha-sitekey=\"\"\n\t\t\t data-recaptcha-sitekey-v3=\"\"\n\t\t\t data-login-recaptcha-version=\"v2\"\n\t\t\t data-register-recaptcha-version=\"v2\"\n\t\t\t data-lostpassword-recaptcha-version=\"v2\"\n             data-redirect-to=\"https:\/index.php\/about\/\"\n             data-resetpassword-redirect-to=\"\"\n        >\n\t\t\t            <section id=\"eael-login-form-wrapper\" class=\"\" data-recaptcha-theme=\"light\" data-recaptcha-size=\"normal\">\n                <div class=\"eael-login-form-wrapper eael-lr-form-wrapper style-2 \">\n\t\t\t\t\t                        <div class=\"lr-form-wrapper\">\n\t\t\t\t\t\t\t\t\t\t\t\t\t\t                            <form class=\"eael-login-form eael-lr-form\"\n                                  id=\"eael-login-form\"\n                                  method=\"post\">\n\t\t\t\t\t\t\t\t                                <div class=\"eael-lr-form-group eael-user-login\">\n\t\t\t\t\t\t\t\t\t<label for=\"eael-user-login\" class=\"eael-field-label\">Lietot\u0101jv\u0101rds vai \u0113pasta adrese<\/label>                                    <input type=\"text\"\n                                           name=\"eael-user-login\"\n                                           id=\"eael-user-login\"\n                                           class=\"eael-lr-form-control\"\n                                           placeholder=\"Lietot\u0101jv\u0101rds vai \u0113pasta adrese\"\n                                           required autocomplete=\"username email\">\n\t\t\t\t\t\t\t\t\t                                <\/div>\n                                <div class=\"eael-lr-form-group eael-user-password\">\n\t\t\t\t\t\t\t\t\t<label for=\"eael-user-password\" class=\"eael-field-label\">Parole<\/label>                                    <div class=\"eael-lr-password-wrapper\">\n                                        <input type=\"password\"\n                                               name=\"eael-user-password\"\n                                               class=\"eael-lr-form-control\"\n                                               id=\"eael-user-password\"\n                                               placeholder=\"Parole\"\n                                               required autocomplete=\"current-password\">\n\t\t\t\t\t\t\t\t\t\t                                            <button type=\"button\"\n                                                    id=\"wp-hide-pw\"\n                                                    class=\"wp-hide-pw hide-if-no-js\"\n                                                    aria-label=\"Show password\">\n                                                <span class=\"dashicons dashicons-visibility\"\n                                                      aria-hidden=\"true\"><\/span>\n                                            <\/button>\n\t\t\t\t\t\t\t\t\t\t\t\t\t\t\t\t\t\t\t\t                                    <\/div>\n                                <\/div>\n                                <div class=\"eael-forever-forget eael-lr-form-group\">\n\t\t\t\t\t\t\t\t\t                                        <p class=\"forget-menot\">\n                                            <input name=\"eael-rememberme\" type=\"checkbox\" id=\"rememberme\"  class=\"remember-me lr-checkbox\" value=\"forever\">\n                                            <label for=\"rememberme\" class=\"eael-checkbox-label rememberme\">Atcer\u0113ties mani<\/label>\n                                        <\/p>\n\t\t\t\t\t\t\t\t\t<p class=\"forget-pass\"><a href=\"https:\/\/korislaipa.no\/index.php\/sample-page\/\">Aizmirs\u0101t paroli?<\/a><\/p>\n                                <\/div>\n\n\t\t\t\t\t\t\t\t\n\n                                <div class=\"eael-lr-footer\">\n\t\t\t\t\t\t\t\t\t<div class=\"eael-lr-form-loader-wrapper\">\n\t\t\t\t\t\t\t\t\t\t<button type=\"submit\" name=\"eael-login-submit\" id=\"eael-login-submit\" class=\"g-recaptcha eael-lr-btn eael-lr-btn-block \">\n\t\t\t\t\t\t\t\t\t\t\tIeiet\t\t\t\t\t\t\t\t\t\t<\/button>\n\t\t\t\t\t\t\t\t\t\t\n\t\t\t\t\t\t\t\t\t\t\n\t\t\t\t\t\t\t\t\t<\/div>\n\t\t\t\t\t\t\t\t\t\n                                <\/div>\n\t\t\t\t\t\t\t\t<div class=\"eael-form-validation-container\"><\/div>                <input type=\"hidden\"\n                       name=\"redirect_to\"\n                       value=\"https:\/index.php\/about\/\">\n\t\t\t<input type=\"hidden\" id=\"eael-login-nonce\" name=\"eael-login-nonce\" value=\"3660eb1a02\" \/><input type=\"hidden\" name=\"_wp_http_referer\" value=\"\/index.php\/wp-json\/wp\/v2\/pages\/38\" \/>        <input type=\"hidden\"\n               name=\"page_id\"\n               value=\"38\">\n\t\t<input type=\"hidden\"\n               name=\"page_id_for_popup\"\n               value=\"38\">\t   \n\t\t<input type=\"hidden\"\n               name=\"resetpassword_in_popup_selector\"\n               value=\"\">\n        <input type=\"hidden\"\n               name=\"widget_id\"\n               value=\"2b19208\">\n\t\t                            <\/form>\n\t\t\t\t\t\t\t                        <\/div>\n\t\t\t\t\t\t                <\/div>\n\n            <\/section>\n\n\t\t\t<script>\n\t\t\t\tjQuery(document).ready(function($){\n\t\t\t\t\tvar eael_get_login_status = localStorage.getItem( 'eael-is-login-form' );\n\t\t\t\t\tif( eael_get_login_status === 'true' ) {\n\t\t\t\t\t\tsetTimeout(function() {\n\t\t\t\t\t\t\tvar button = jQuery('[eael-login=\"yes\"]');\n\t\t\t\t\t\t\tif( ! button.hasClass('eael-clicked') ) {\n\t\t\t\t\t\t\t\tbutton.trigger('click').addClass('eael-clicked');\n\t\t\t\t\t\t\t}\n\t\t\t\t\t\t}, 100);\n\n\t\t\t\t\t\tsetTimeout(function() {\n\t\t\t\t\t\t\tjQuery('[eael-login=\"yes\"]').removeClass('eael-clicked')\n\t\t\t\t\t\t}, 500);\n\t\t\t\t\t}\n\t\t\t\t});\n\t\t\t<\/script>\n\t\t\t            <section\n                    id=\"eael-lostpassword-form-wrapper\"\n                    class=\"eael-lr-d-none\"\n\t\t\t\t\tdata-recaptcha-theme=\"light\"\n                    data-recaptcha-size=\"normal\"\n                    >\n                <div class=\"eael-lostpassword-form-wrapper eael-lr-form-wrapper style-2 \">\n\t\t\t\t\t\t\t\t\t\t<div class=\"lr-form-wrapper\">\n\t\t\t\t\t\t\t\t\t\t\t\t\t\t\t\t\t\t<form class=\"eael-lostpassword-form eael-lr-form\" id=\"eael-lostpassword-form\" method=\"post\">\n\t\t\t\t\t\t\t\t\t\t\t\t\t\t<div class=\"eael-lr-form-group \">\n\t\t\t\t\t\t\t\t<label for=\"eael-user-lostpassword\" class=\"eael-field-label\">Username or Email Address<\/label>\t\t\t\t\t\t\t\t<input type=\"text\" name=\"eael-user-lostpassword\" id=\"eael-user-lostpassword\" class=\"eael-lr-form-control\" placeholder=\"Username or Email Address\" required>\n\t\t\t\t\t\t\t\t\t\t\t\t\t\t\t<\/div>\n\n\t\t\t\t\t\t\t\n\t\t\t\t\t\t\t<div class=\"eael-lr-footer\">\n\t\t\t\t\t\t\t\t<button type=\"submit\" name=\"eael-lostpassword-submit\" id=\"eael-lostpassword-submit\" class=\"g-recaptcha eael-lr-btn eael-lr-btn-block   \">Reset Password<\/button>\n\t\t\t\t\t\t\t\t\t\t\t\t\t\t\t\t\t<div class=\"eael-sign-wrapper \">\n\t\t\t\t\t\t\t\t\t\t<span class=\"d-ib\"> <\/span> <a href=\"\" id=\"eael-lr-login-toggle-lostpassword\" class=\"eael-lr-link\" data-action=\"form\">Sign In<\/a>\t\t\t\t\t\t\t\t\t<\/div>\n\t\t\t\t\t\t\t\t\n\t\t\t\t\t\t\t<\/div>\n\t\t\t\t\t\t\t<div class=\"eael-form-validation-container\"><\/div><input type=\"hidden\" id=\"eael-lostpassword-nonce\" name=\"eael-lostpassword-nonce\" value=\"a945c42d4b\" \/><input type=\"hidden\" name=\"_wp_http_referer\" value=\"\/index.php\/wp-json\/wp\/v2\/pages\/38\" \/>        <input type=\"hidden\"\n               name=\"page_id\"\n               value=\"38\">\n\t\t<input type=\"hidden\"\n               name=\"page_id_for_popup\"\n               value=\"38\">\t   \n\t\t<input type=\"hidden\"\n               name=\"resetpassword_in_popup_selector\"\n               value=\"\">\n        <input type=\"hidden\"\n               name=\"widget_id\"\n               value=\"2b19208\">\n\t\t\t\t\t\t\t\t<\/form>\n\t\t\t\t\t\t\t\t\t\t\t<\/div>\n\t\t\t\t\t                <\/div>\n\n            <\/section>\n\t\t\t        <\/div>\n\n\t\t\t\t\t\t<\/div>\n\t\t\t\t<\/div>\n\t\t\t\t<div class=\"elementor-element elementor-element-4b87bf7 elementor-widget elementor-widget-spacer\" data-id=\"4b87bf7\" data-element_type=\"widget\" data-e-type=\"widget\" data-widget_type=\"spacer.default\">\n\t\t\t\t<div class=\"elementor-widget-container\">\n\t\t\t\t\t\t\t<div class=\"elementor-spacer\">\n\t\t\t<div class=\"elementor-spacer-inner\"><\/div>\n\t\t<\/div>\n\t\t\t\t\t\t<\/div>\n\t\t\t\t<\/div>\n\t\t\t\t\t<\/div>\n\t\t<\/div>\n\t\t\t\t\t<\/div>\n\t\t<\/section>\n\t\t\t\t<\/div>\n\t\t","protected":false},"excerpt":{"rendered":"<p>Jums ir j\u0101veic autoriz\u0101cija! J\u016bsu lietot\u0101ja v\u0101rdsNepareizs lietot\u0101ja v\u0101rdsNepareizs lietot\u0101ja v\u0101rdsIerakstiet savu paroliField is required!Field is required!Ieiet<\/p>\n","protected":false},"author":1,"featured_media":0,"parent":0,"menu_order":0,"comment_status":"closed","ping_status":"closed","template":"elementor_header_footer","meta":{"site-sidebar-layout":"no-sidebar","site-content-layout":"page-builder","ast-site-content-layout":"default","site-content-style":"default","site-sidebar-style":"default","ast-global-header-display":"","ast-banner-title-visibility":"","ast-main-header-display":"","ast-hfb-above-header-display":"","ast-hfb-below-header-display":"","ast-hfb-mobile-header-display":"","site-post-title":"disabled","ast-breadcrumbs-content":"","ast-featured-img":"disabled","footer-sml-layout":"","ast-disable-related-posts":"","theme-transparent-header-meta":"","adv-header-id-meta":"","stick-header-meta":"","header-above-stick-meta":"","header-main-stick-meta":"","header-below-stick-meta":"","astra-migrate-meta-layouts":"default","ast-page-background-enabled":"default","ast-page-background-meta":{"desktop":{"background-color":"","background-image":"","background-repeat":"repeat","background-position":"center center","background-size":"auto","background-attachment":"scroll","background-type":"","background-media":"","overlay-type":"","overlay-color":"","overlay-opacity":"","overlay-gradient":""},"tablet":{"background-color":"","background-image":"","background-repeat":"repeat","background-position":"center center","background-size":"auto","background-attachment":"scroll","background-type":"","background-media":"","overlay-type":"","overlay-color":"","overlay-opacity":"","overlay-gradient":""},"mobile":{"background-color":"","background-image":"","background-repeat":"repeat","background-position":"center center","background-size":"auto","background-attachment":"scroll","background-type":"","background-media":"","overlay-type":"","overlay-color":"","overlay-opacity":"","overlay-gradient":""}},"ast-content-background-meta":{"desktop":{"background-color":"var(--ast-global-color-5)","background-image":"","background-repeat":"repeat","background-position":"center center","background-size":"auto","background-attachment":"scroll","background-type":"","background-media":"","overlay-type":"","overlay-color":"","overlay-opacity":"","overlay-gradient":""},"tablet":{"background-color":"var(--ast-global-color-5)","background-image":"","background-repeat":"repeat","background-position":"center center","background-size":"auto","background-attachment":"scroll","background-type":"","background-media":"","overlay-type":"","overlay-color":"","overlay-opacity":"","overlay-gradient":""},"mobile":{"background-color":"var(--ast-global-color-5)","background-image":"","background-repeat":"repeat","background-position":"center center","background-size":"auto","background-attachment":"scroll","background-type":"","background-media":"","overlay-type":"","overlay-color":"","overlay-opacity":"","overlay-gradient":""}},"footnotes":""},"class_list":["post-38","page","type-page","status-publish","hentry"],"aioseo_notices":[],"_links":{"self":[{"href":"https:\/\/korislaipa.no\/index.php\/wp-json\/wp\/v2\/pages\/38","targetHints":{"allow":["GET"]}}],"collection":[{"href":"https:\/\/korislaipa.no\/index.php\/wp-json\/wp\/v2\/pages"}],"about":[{"href":"https:\/\/korislaipa.no\/index.php\/wp-json\/wp\/v2\/types\/page"}],"author":[{"embeddable":true,"href":"https:\/\/korislaipa.no\/index.php\/wp-json\/wp\/v2\/users\/1"}],"replies":[{"embeddable":true,"href":"https:\/\/korislaipa.no\/index.php\/wp-json\/wp\/v2\/comments?post=38"}],"version-history":[{"count":112,"href":"https:\/\/korislaipa.no\/index.php\/wp-json\/wp\/v2\/pages\/38\/revisions"}],"predecessor-version":[{"id":738,"href":"https:\/\/korislaipa.no\/index.php\/wp-json\/wp\/v2\/pages\/38\/revisions\/738"}],"wp:attachment":[{"href":"https:\/\/korislaipa.no\/index.php\/wp-json\/wp\/v2\/media?parent=38"}],"curies":[{"name":"wp","href":"https:\/\/api.w.org\/{rel}","templated":true}]}}